{"id":7,"date":"2023-11-15T19:15:52","date_gmt":"2023-11-15T18:15:52","guid":{"rendered":"https:\/\/techcar.ch\/?page_id=7"},"modified":"2026-03-01T15:13:21","modified_gmt":"2026-03-01T14:13:21","slug":"pare-brise","status":"publish","type":"page","link":"https:\/\/techcar.ch\/index.php\/pare-brise\/","title":{"rendered":"Pare-brise"},"content":{"rendered":"\t\t<div data-elementor-type=\"wp-page\" data-elementor-id=\"7\" class=\"elementor elementor-7\" data-elementor-post-type=\"page\">\n\t\t\t\t<div class=\"elementor-element elementor-element-0288794 e-flex e-con-boxed e-con e-parent\" data-id=\"0288794\" data-element_type=\"container\" data-e-type=\"container\" data-settings=\"{&quot;background_background&quot;:&quot;classic&quot;}\">\n\t\t\t\t\t<div class=\"e-con-inner\">\n\t\t\t\t\t<\/div>\n\t\t\t\t<\/div>\n\t\t<div class=\"elementor-element elementor-element-fd38e0e e-con-full e-flex e-con e-parent\" data-id=\"fd38e0e\" data-element_type=\"container\" data-e-type=\"container\" data-settings=\"{&quot;background_background&quot;:&quot;classic&quot;}\">\n\t\t<div class=\"elementor-element elementor-element-671fd63 e-flex e-con-boxed e-con e-child\" data-id=\"671fd63\" data-element_type=\"container\" data-e-type=\"container\">\n\t\t\t\t\t<div class=\"e-con-inner\">\n\t\t\t\t<div class=\"elementor-element elementor-element-ae9b0e0 elementor-widget elementor-widget-heading\" data-id=\"ae9b0e0\" data-element_type=\"widget\" data-e-type=\"widget\" data-widget_type=\"heading.default\">\n\t\t\t\t<div class=\"elementor-widget-container\">\n\t\t\t\t\t<h2 class=\"elementor-heading-title elementor-size-default\"><span data-sfc-cp=\"\" data-complete=\"true\"><strong data-complete=\"true\"> Remplacement Pare-brise dans le Canton de Vaud <\/strong><\/span><\/h2>\t\t\t\t<\/div>\n\t\t\t\t<\/div>\n\t\t\t\t<div class=\"elementor-element elementor-element-9b0676e elementor-widget elementor-widget-heading\" data-id=\"9b0676e\" data-element_type=\"widget\" data-e-type=\"widget\" data-widget_type=\"heading.default\">\n\t\t\t\t<div class=\"elementor-widget-container\">\n\t\t\t\t\t<h2 class=\"elementor-heading-title elementor-size-default\">Vous avez un souci sur votre pare-brise ? Qu\u2019il s\u2019agisse d\u2019un impact, d\u2019une fissure voire d\u2019une casse, TECHCAR \u00e0 Lausanne peut intervenir rapidement pour le remplacement du pare-brise. N\u2019h\u00e9sitez pas \u00e0 prendre un rendez-vous maintenant.<\/h2>\t\t\t\t<\/div>\n\t\t\t\t<\/div>\n\t\t\t\t<div class=\"elementor-element elementor-element-1bb9b03 elementor-widget elementor-widget-heading\" data-id=\"1bb9b03\" data-element_type=\"widget\" data-e-type=\"widget\" data-widget_type=\"heading.default\">\n\t\t\t\t<div class=\"elementor-widget-container\">\n\t\t\t\t\t<h2 class=\"elementor-heading-title elementor-size-default\">Remplacement Pare-brise chez TECHCAR<\/h2>\t\t\t\t<\/div>\n\t\t\t\t<\/div>\n\t\t\t\t<div class=\"elementor-element elementor-element-3586373 elementor-widget elementor-widget-image\" data-id=\"3586373\" data-element_type=\"widget\" data-e-type=\"widget\" data-widget_type=\"image.default\">\n\t\t\t\t<div class=\"elementor-widget-container\">\n\t\t\t\t\t\t\t\t\t\t\t\t\t\t\t<img fetchpriority=\"high\" decoding=\"async\" width=\"1200\" height=\"801\" src=\"https:\/\/techcar.ch\/wp-content\/uploads\/2024\/05\/TechCar-Pare-Brise.webp\" class=\"elementor-animation-float attachment-1536x1536 size-1536x1536 wp-image-876\" alt=\"\" srcset=\"https:\/\/techcar.ch\/wp-content\/uploads\/2024\/05\/TechCar-Pare-Brise.webp 1200w, https:\/\/techcar.ch\/wp-content\/uploads\/2024\/05\/TechCar-Pare-Brise-300x200.webp 300w, https:\/\/techcar.ch\/wp-content\/uploads\/2024\/05\/TechCar-Pare-Brise-1024x684.webp 1024w, https:\/\/techcar.ch\/wp-content\/uploads\/2024\/05\/TechCar-Pare-Brise-768x513.webp 768w\" sizes=\"(max-width: 1200px) 100vw, 1200px\" \/>\t\t\t\t\t\t\t\t\t\t\t\t\t\t\t<\/div>\n\t\t\t\t<\/div>\n\t\t\t\t<div class=\"elementor-element elementor-element-db724e1 elementor-widget elementor-widget-heading\" data-id=\"db724e1\" data-element_type=\"widget\" data-e-type=\"widget\" data-widget_type=\"heading.default\">\n\t\t\t\t<div class=\"elementor-widget-container\">\n\t\t\t\t\t<h2 class=\"elementor-heading-title elementor-size-default\">Le pare-brise est un composant de s\u00e9curit\u00e9 essentiel de votre v\u00e9hicule. Lorsque des fissures, des impacts ou d\u2019autres dommages apparaissent sur le pare-brise, il faut sans plus attendre prendre des mesures pour les remplacer. C\u2019est pour cette raison que TECHCAR existe. Notre centre se tient \u00e0 votre disposition dans la r\u00e9gion de Lausannecpour r\u00e9aliser les travaux dont votre v\u00e9hicule a besoin.<\/h2>\t\t\t\t<\/div>\n\t\t\t\t<\/div>\n\t\t\t\t<div class=\"elementor-element elementor-element-ffa5dc1 elementor-widget elementor-widget-text-editor\" data-id=\"ffa5dc1\" data-element_type=\"widget\" data-e-type=\"widget\" data-widget_type=\"text-editor.default\">\n\t\t\t\t<div class=\"elementor-widget-container\">\n\t\t\t\t\t\t\t\t\t<p>Sur la route, il est fr\u00e9quent que les v\u00e9hicules re\u00e7oivent des <strong>projectiles<\/strong> \u00e0 cause d\u2019une voie en mauvais \u00e9tat ou d\u2019un camion qui passait \u00e0 proximit\u00e9. Lorsque survient un <strong>impact sur le pare-bris<\/strong><strong>e<\/strong>, celui-ci doit \u00eatre chang\u00e9 rapidement.<br \/><br \/>Dans quels cas devez vous RAPIDEMENT intervenir et changer de pare-brise sous risque de r\u00e9el danger?<\/p><ol><li>le diam\u00e8tre de l\u2019impact est sup\u00e9rieur \u00e0 une pi\u00e8ce de 2 francs,<\/li><li>l\u2019impact se trouve dans le champ de vision du conducteur,<\/li><li>il y a plus de 3 impacts sur le pare-brise,<\/li><li>l\u2019impact se trouve \u00e0 moins de 5 cm de la s\u00e9rigraphie (bande noire) entourant le pare-brise,<\/li><li>l\u2019impact est \u00e0 moins de 2 cm de la s\u00e9rigraphie qui entoure la cam\u00e9ra.<\/li><\/ol><p>Si l\u2019impact r\u00e9pond \u00e0 toutes ces situations ci-dessus, alors <strong>votre pare-brise doit \u00eatre remplac\u00e9.<\/strong> \u00c0 ce titre, nos techniciens dans le canton de Vaud <strong>chez TECHCAR <\/strong>sont <strong>form\u00e9s<\/strong> et <strong>exp\u00e9riment\u00e9s<\/strong> dans le changement<strong> de pare-brise<\/strong>. Pour ce faire, le technicien \u00e9value dans un premier temps l\u2019\u00e9tendue des dommages et les \u00e9tapes \u00e0 effectuer. Ensuite, il proc\u00e8de au remplacement de mani\u00e8re professionnelle.<\/p><p>Vous avez besoin de remplacer votre pare-brise? Nous nous feront un plaisir de vous accueillir et de proc\u00e9der au changement de votre pare-brise chez TECHCAR.<\/p>\t\t\t\t\t\t\t\t<\/div>\n\t\t\t\t<\/div>\n\t\t<div class=\"elementor-element elementor-element-903d906 e-con-full elementor-hidden-widescreen elementor-hidden-desktop elementor-hidden-tablet elementor-hidden-mobile e-flex e-con e-child\" data-id=\"903d906\" data-element_type=\"container\" data-e-type=\"container\">\n\t\t<div class=\"elementor-element elementor-element-6806296 e-flex e-con-boxed e-con e-child\" data-id=\"6806296\" data-element_type=\"container\" data-e-type=\"container\" data-settings=\"{&quot;background_background&quot;:&quot;gradient&quot;}\">\n\t\t\t\t\t<div class=\"e-con-inner\">\n\t\t<div class=\"elementor-element elementor-element-389b671 e-con-full e-flex e-con e-child\" data-id=\"389b671\" data-element_type=\"container\" data-e-type=\"container\">\n\t\t\t\t<div class=\"elementor-element elementor-element-01cf7d6 elementor-widget elementor-widget-heading\" data-id=\"01cf7d6\" data-element_type=\"widget\" data-e-type=\"widget\" data-widget_type=\"heading.default\">\n\t\t\t\t<div class=\"elementor-widget-container\">\n\t\t\t\t\t<h2 class=\"elementor-heading-title elementor-size-default\">Pare-brises<\/h2>\t\t\t\t<\/div>\n\t\t\t\t<\/div>\n\t\t\t\t<div class=\"elementor-element elementor-element-4e2b050 elementor-widget elementor-widget-heading\" data-id=\"4e2b050\" data-element_type=\"widget\" data-e-type=\"widget\" data-widget_type=\"heading.default\">\n\t\t\t\t<div class=\"elementor-widget-container\">\n\t\t\t\t\t<h2 class=\"elementor-heading-title elementor-size-default\">Intervention rapide<\/h2>\t\t\t\t<\/div>\n\t\t\t\t<\/div>\n\t\t\t\t<\/div>\n\t\t<div class=\"elementor-element elementor-element-a8c01cc e-con-full e-flex e-con e-child\" data-id=\"a8c01cc\" data-element_type=\"container\" data-e-type=\"container\">\n\t\t\t\t<div class=\"elementor-element elementor-element-28d7107 elementor-invisible elementor-widget elementor-widget-button\" data-id=\"28d7107\" data-element_type=\"widget\" data-e-type=\"widget\" data-settings=\"{&quot;_animation&quot;:&quot;fadeInUp&quot;,&quot;_animation_delay&quot;:200}\" data-widget_type=\"button.default\">\n\t\t\t\t<div class=\"elementor-widget-container\">\n\t\t\t\t\t\t\t\t\t<div class=\"elementor-button-wrapper\">\n\t\t\t\t\t<a class=\"elementor-button elementor-button-link elementor-size-sm elementor-animation-grow\" href=\"mailto:info@techcar.ch\">\n\t\t\t\t\t\t<span class=\"elementor-button-content-wrapper\">\n\t\t\t\t\t\t\t\t\t<span class=\"elementor-button-text\">Email<\/span>\n\t\t\t\t\t<\/span>\n\t\t\t\t\t<\/a>\n\t\t\t\t<\/div>\n\t\t\t\t\t\t\t\t<\/div>\n\t\t\t\t<\/div>\n\t\t\t\t<div class=\"elementor-element elementor-element-ef49c4e elementor-invisible elementor-widget elementor-widget-button\" data-id=\"ef49c4e\" data-element_type=\"widget\" data-e-type=\"widget\" data-settings=\"{&quot;_animation&quot;:&quot;fadeInUp&quot;,&quot;_animation_delay&quot;:400}\" data-widget_type=\"button.default\">\n\t\t\t\t<div class=\"elementor-widget-container\">\n\t\t\t\t\t\t\t\t\t<div class=\"elementor-button-wrapper\">\n\t\t\t\t\t<a class=\"elementor-button elementor-button-link elementor-size-sm elementor-animation-grow\" href=\"https:\/\/wa.me\/+41765013852\" target=\"_blank\" rel=\"noopener\">\n\t\t\t\t\t\t<span class=\"elementor-button-content-wrapper\">\n\t\t\t\t\t\t\t\t\t<span class=\"elementor-button-text\">WhastApp<\/span>\n\t\t\t\t\t<\/span>\n\t\t\t\t\t<\/a>\n\t\t\t\t<\/div>\n\t\t\t\t\t\t\t\t<\/div>\n\t\t\t\t<\/div>\n\t\t\t\t<div class=\"elementor-element elementor-element-8677734 elementor-invisible elementor-widget elementor-widget-button\" data-id=\"8677734\" data-element_type=\"widget\" data-e-type=\"widget\" data-settings=\"{&quot;_animation&quot;:&quot;fadeInUp&quot;,&quot;_animation_delay&quot;:600}\" data-widget_type=\"button.default\">\n\t\t\t\t<div class=\"elementor-widget-container\">\n\t\t\t\t\t\t\t\t\t<div class=\"elementor-button-wrapper\">\n\t\t\t\t\t<a class=\"elementor-button elementor-button-link elementor-size-sm elementor-animation-grow\" href=\"tel:+41%2076%20501%2038%2052\">\n\t\t\t\t\t\t<span class=\"elementor-button-content-wrapper\">\n\t\t\t\t\t\t\t\t\t<span class=\"elementor-button-text\">T\u00e9l\u00e9phone<\/span>\n\t\t\t\t\t<\/span>\n\t\t\t\t\t<\/a>\n\t\t\t\t<\/div>\n\t\t\t\t\t\t\t\t<\/div>\n\t\t\t\t<\/div>\n\t\t\t\t<\/div>\n\t\t\t\t\t<\/div>\n\t\t\t\t<\/div>\n\t\t\t\t<\/div>\n\t\t\t\t<div class=\"elementor-element elementor-element-cfbed01 elementor-widget elementor-widget-heading\" data-id=\"cfbed01\" data-element_type=\"widget\" data-e-type=\"widget\" data-widget_type=\"heading.default\">\n\t\t\t\t<div class=\"elementor-widget-container\">\n\t\t\t\t\t<h2 class=\"elementor-heading-title elementor-size-default\">Le pare-brise est un composant de s\u00e9curit\u00e9 essentiel de votre v\u00e9hicule. Lorsque des fissures, des impacts ou d\u2019autres dommages apparaissent sur le pare-brise, il faut sans plus attendre prendre des mesures pour les r\u00e9parer ou les remplacer. C\u2019est pour cette raison que TECHCAR existe. Notre centre se tient \u00e0 votre disposition sur Lausanne et sa r\u00e9gion pour r\u00e9aliser les travaux dont votre v\u00e9hicule a besoin.<\/h2>\t\t\t\t<\/div>\n\t\t\t\t<\/div>\n\t\t\t\t<div class=\"elementor-element elementor-element-474b72a elementor-widget elementor-widget-text-editor\" data-id=\"474b72a\" data-element_type=\"widget\" data-e-type=\"widget\" data-widget_type=\"text-editor.default\">\n\t\t\t\t<div class=\"elementor-widget-container\">\n\t\t\t\t\t\t\t\t\t<ol><li><p><strong>Int\u00e9grit\u00e9 structurelle :<\/strong> Le pare-brise fait partie int\u00e9grante de la structure de s\u00e9curit\u00e9 du v\u00e9hicule. Il contribue \u00e0 la r\u00e9sistance du toit et \u00e0 la stabilit\u00e9 de la voiture en cas d&#8217;accident. Un pare-brise affaibli pourrait compromettre la capacit\u00e9 du v\u00e9hicule \u00e0 absorber l&#8217;impact en cas de retournement.<\/p><\/li><li><p><strong>Visibilit\u00e9 :<\/strong> Les fissures, les \u00e9clats ou les autres dommages sur le pare-brise peuvent obstruer la vision du conducteur. Une visibilit\u00e9 r\u00e9duite peut augmenter consid\u00e9rablement le risque d&#8217;accident, surtout la nuit ou par mauvais temps.<\/p><\/li><li><p><strong>S\u00e9curit\u00e9 des occupants :<\/strong> En cas d&#8217;accident, un pare-brise endommag\u00e9 peut ne pas offrir une protection ad\u00e9quate aux occupants du v\u00e9hicule. Il peut se briser plus facilement, augmentant ainsi les risques de blessures graves.<\/p><\/li><li><p><strong>R\u00e9paration pr\u00e9ventive :<\/strong> Les petites fissures ou \u00e9clats peuvent souvent \u00eatre r\u00e9par\u00e9s rapidement et \u00e0 moindre co\u00fbt avant de devenir des probl\u00e8mes plus importants. La r\u00e9paration pr\u00e9ventive peut \u00e9viter la n\u00e9cessit\u00e9 de remplacer tout le pare-brise plus tard.<\/p><\/li><li><p><strong>Conformit\u00e9 r\u00e9glementaire :<\/strong> Dans de nombreuses juridictions, conduire avec un pare-brise gravement endommag\u00e9 peut entra\u00eener des amendes ou des sanctions. Il est important de se conformer aux r\u00e9glementations locales pour \u00e9viter des probl\u00e8mes l\u00e9gaux.<\/p><\/li><li><p><strong>\u00c9viter l&#8217;aggravation :<\/strong> Les fissures sur un pare-brise ont tendance \u00e0 s&#8217;aggraver avec le temps en raison des variations de temp\u00e9rature, des vibrations du v\u00e9hicule et d&#8217;autres facteurs. Ce qui commence comme une petite fissure peut se transformer en un probl\u00e8me majeur si cela n&#8217;est pas trait\u00e9 rapidement.<\/p><\/li><\/ol>\t\t\t\t\t\t\t\t<\/div>\n\t\t\t\t<\/div>\n\t\t\t\t<div class=\"elementor-element elementor-element-8756cf9 elementor-widget elementor-widget-heading\" data-id=\"8756cf9\" data-element_type=\"widget\" data-e-type=\"widget\" data-widget_type=\"heading.default\">\n\t\t\t\t<div class=\"elementor-widget-container\">\n\t\t\t\t\t<h2 class=\"elementor-heading-title elementor-size-default\">En rempla\u00e7ant rapidement un pare-brise endommag\u00e9, vous \u00e9vitez ainsi de rouler en infraction au code de la route et vous \u00e9vitez par la m\u00eame occasion de vous mettre en risque. N\u2019h\u00e9sitez donc pas \u00e0 prendre un rendez-vous aujourd'hui. Nos experts en bris de glace sont \u00e0 votre disposition pour r\u00e9pondre \u00e0 toutes vos questions relatives au remplacement de pare-brise.<\/h2>\t\t\t\t<\/div>\n\t\t\t\t<\/div>\n\t\t\t\t\t<\/div>\n\t\t\t\t<\/div>\n\t\t\t\t<\/div>\n\t\t<div class=\"elementor-element elementor-element-ae51626 e-flex e-con-boxed e-con e-parent\" data-id=\"ae51626\" data-element_type=\"container\" data-e-type=\"container\" data-settings=\"{&quot;background_background&quot;:&quot;classic&quot;,&quot;background_motion_fx_motion_fx_mouse&quot;:&quot;yes&quot;}\">\n\t\t\t\t\t<div class=\"e-con-inner\">\n\t\t<div class=\"elementor-element elementor-element-d900ef3 e-flex e-con-boxed elementor-invisible e-con e-child\" data-id=\"d900ef3\" data-element_type=\"container\" data-e-type=\"container\" data-settings=\"{&quot;animation&quot;:&quot;fadeInUp&quot;,&quot;animation_delay&quot;:600}\">\n\t\t\t\t\t<div class=\"e-con-inner\">\n\t\t\t\t<div class=\"elementor-element elementor-element-3a8ba37 elementor-align-center elementor-widget elementor-widget-lottie\" data-id=\"3a8ba37\" data-element_type=\"widget\" data-e-type=\"widget\" data-settings=\"{&quot;source_json&quot;:{&quot;url&quot;:&quot;https:\\\/\\\/techcar.ch\\\/wp-content\\\/uploads\\\/2023\\\/12\\\/Animation-1702499756830.json&quot;,&quot;id&quot;:115,&quot;size&quot;:&quot;&quot;,&quot;alt&quot;:&quot;&quot;,&quot;source&quot;:&quot;library&quot;},&quot;loop&quot;:&quot;yes&quot;,&quot;source&quot;:&quot;media_file&quot;,&quot;caption_source&quot;:&quot;none&quot;,&quot;link_to&quot;:&quot;none&quot;,&quot;trigger&quot;:&quot;arriving_to_viewport&quot;,&quot;viewport&quot;:{&quot;unit&quot;:&quot;%&quot;,&quot;size&quot;:&quot;&quot;,&quot;sizes&quot;:{&quot;start&quot;:0,&quot;end&quot;:100}},&quot;play_speed&quot;:{&quot;unit&quot;:&quot;px&quot;,&quot;size&quot;:1,&quot;sizes&quot;:[]},&quot;start_point&quot;:{&quot;unit&quot;:&quot;%&quot;,&quot;size&quot;:0,&quot;sizes&quot;:[]},&quot;end_point&quot;:{&quot;unit&quot;:&quot;%&quot;,&quot;size&quot;:100,&quot;sizes&quot;:[]},&quot;renderer&quot;:&quot;svg&quot;}\" data-widget_type=\"lottie.default\">\n\t\t\t\t<div class=\"elementor-widget-container\">\n\t\t\t\t\t<div class=\"e-lottie__container\"><div class=\"e-lottie__animation\"><\/div><\/div>\t\t\t\t<\/div>\n\t\t\t\t<\/div>\n\t\t\t\t<div class=\"elementor-element elementor-element-44ad09d elementor-widget elementor-widget-heading\" data-id=\"44ad09d\" data-element_type=\"widget\" data-e-type=\"widget\" data-widget_type=\"heading.default\">\n\t\t\t\t<div class=\"elementor-widget-container\">\n\t\t\t\t\t<h2 class=\"elementor-heading-title elementor-size-default\">Nos partenaires nous font confiance<\/h2>\t\t\t\t<\/div>\n\t\t\t\t<\/div>\n\t\t<div class=\"elementor-element elementor-element-2f9b208 e-flex e-con-boxed e-con e-child\" data-id=\"2f9b208\" data-element_type=\"container\" data-e-type=\"container\" data-settings=\"{&quot;background_background&quot;:&quot;classic&quot;,&quot;background_motion_fx_motion_fx_mouse&quot;:&quot;yes&quot;}\">\n\t\t\t\t\t<div class=\"e-con-inner\">\n\t\t<div class=\"elementor-element elementor-element-06b5b2a e-flex e-con-boxed elementor-invisible e-con e-child\" data-id=\"06b5b2a\" data-element_type=\"container\" data-e-type=\"container\" data-settings=\"{&quot;animation&quot;:&quot;fadeInUp&quot;}\">\n\t\t\t\t\t<div class=\"e-con-inner\">\n\t\t\t\t<div class=\"elementor-element elementor-element-c35290b elementor-invisible elementor-widget elementor-widget-image\" data-id=\"c35290b\" data-element_type=\"widget\" data-e-type=\"widget\" data-settings=\"{&quot;_animation&quot;:&quot;fadeInUp&quot;}\" data-widget_type=\"image.default\">\n\t\t\t\t<div class=\"elementor-widget-container\">\n\t\t\t\t\t\t\t\t\t\t\t\t\t\t\t\t<a href=\"https:\/\/sklpub.ch\/\" target=\"_blank\" rel=\"noopener\">\n\t\t\t\t\t\t\t<img decoding=\"async\" width=\"800\" height=\"701\" src=\"https:\/\/techcar.ch\/wp-content\/uploads\/2024\/03\/logo_site_web-1024x897.png\" class=\"attachment-large size-large wp-image-527\" alt=\"\" srcset=\"https:\/\/techcar.ch\/wp-content\/uploads\/2024\/03\/logo_site_web-1024x897.png 1024w, https:\/\/techcar.ch\/wp-content\/uploads\/2024\/03\/logo_site_web-300x263.png 300w, https:\/\/techcar.ch\/wp-content\/uploads\/2024\/03\/logo_site_web-768x673.png 768w, https:\/\/techcar.ch\/wp-content\/uploads\/2024\/03\/logo_site_web-1536x1345.png 1536w, https:\/\/techcar.ch\/wp-content\/uploads\/2024\/03\/logo_site_web.png 1578w\" sizes=\"(max-width: 800px) 100vw, 800px\" \/>\t\t\t\t\t\t\t\t<\/a>\n\t\t\t\t\t\t\t\t\t\t\t\t\t\t\t<\/div>\n\t\t\t\t<\/div>\n\t\t\t\t\t<\/div>\n\t\t\t\t<\/div>\n\t\t<div class=\"elementor-element elementor-element-e96a985 e-flex e-con-boxed elementor-invisible e-con e-child\" data-id=\"e96a985\" data-element_type=\"container\" data-e-type=\"container\" data-settings=\"{&quot;animation&quot;:&quot;fadeInUp&quot;,&quot;animation_delay&quot;:300}\">\n\t\t\t\t\t<div class=\"e-con-inner\">\n\t\t\t\t<div class=\"elementor-element elementor-element-7e19151 elementor-invisible elementor-widget elementor-widget-image\" data-id=\"7e19151\" data-element_type=\"widget\" data-e-type=\"widget\" data-settings=\"{&quot;_animation&quot;:&quot;fadeInUp&quot;,&quot;_animation_delay&quot;:600}\" data-widget_type=\"image.default\">\n\t\t\t\t<div class=\"elementor-widget-container\">\n\t\t\t\t\t\t\t\t\t\t\t\t\t\t\t<img decoding=\"async\" width=\"612\" height=\"408\" src=\"https:\/\/techcar.ch\/wp-content\/uploads\/2024\/03\/logo.jpeg\" class=\"attachment-large size-large wp-image-532\" alt=\"\" srcset=\"https:\/\/techcar.ch\/wp-content\/uploads\/2024\/03\/logo.jpeg 612w, https:\/\/techcar.ch\/wp-content\/uploads\/2024\/03\/logo-300x200.jpeg 300w\" sizes=\"(max-width: 612px) 100vw, 612px\" \/>\t\t\t\t\t\t\t\t\t\t\t\t\t\t\t<\/div>\n\t\t\t\t<\/div>\n\t\t\t\t\t<\/div>\n\t\t\t\t<\/div>\n\t\t<div class=\"elementor-element elementor-element-9d295c2 e-flex e-con-boxed elementor-invisible e-con e-child\" data-id=\"9d295c2\" data-element_type=\"container\" data-e-type=\"container\" data-settings=\"{&quot;animation&quot;:&quot;fadeInUp&quot;,&quot;animation_delay&quot;:600}\">\n\t\t\t\t\t<div class=\"e-con-inner\">\n\t\t\t\t<div class=\"elementor-element elementor-element-dca6ae2 elementor-invisible elementor-widget elementor-widget-image\" data-id=\"dca6ae2\" data-element_type=\"widget\" data-e-type=\"widget\" data-settings=\"{&quot;_animation&quot;:&quot;fadeInUp&quot;,&quot;_animation_delay&quot;:400}\" data-widget_type=\"image.default\">\n\t\t\t\t<div class=\"elementor-widget-container\">\n\t\t\t\t\t\t\t\t\t\t\t\t\t\t\t<img loading=\"lazy\" decoding=\"async\" width=\"800\" height=\"326\" src=\"https:\/\/techcar.ch\/wp-content\/uploads\/2024\/03\/logo-car.png\" class=\"attachment-large size-large wp-image-533\" alt=\"\" srcset=\"https:\/\/techcar.ch\/wp-content\/uploads\/2024\/03\/logo-car.png 860w, https:\/\/techcar.ch\/wp-content\/uploads\/2024\/03\/logo-car-300x122.png 300w, https:\/\/techcar.ch\/wp-content\/uploads\/2024\/03\/logo-car-768x313.png 768w\" sizes=\"(max-width: 800px) 100vw, 800px\" \/>\t\t\t\t\t\t\t\t\t\t\t\t\t\t\t<\/div>\n\t\t\t\t<\/div>\n\t\t\t\t\t<\/div>\n\t\t\t\t<\/div>\n\t\t<div class=\"elementor-element elementor-element-19b09d0 e-flex e-con-boxed elementor-invisible e-con e-child\" data-id=\"19b09d0\" data-element_type=\"container\" data-e-type=\"container\" data-settings=\"{&quot;animation&quot;:&quot;fadeInUp&quot;,&quot;animation_delay&quot;:900}\">\n\t\t\t\t\t<div class=\"e-con-inner\">\n\t\t\t\t<div class=\"elementor-element elementor-element-126d086 elementor-invisible elementor-widget elementor-widget-image\" data-id=\"126d086\" data-element_type=\"widget\" data-e-type=\"widget\" data-settings=\"{&quot;_animation&quot;:&quot;fadeInUp&quot;,&quot;_animation_delay&quot;:200}\" data-widget_type=\"image.default\">\n\t\t\t\t<div class=\"elementor-widget-container\">\n\t\t\t\t\t\t\t\t\t\t\t\t\t\t\t\t<a href=\"https:\/\/gotek.ch\/\" target=\"_blank\" rel=\"noopener\">\n\t\t\t\t\t\t\t<img loading=\"lazy\" decoding=\"async\" width=\"800\" height=\"200\" src=\"https:\/\/techcar.ch\/wp-content\/uploads\/2024\/03\/GOTEK-logo.png-9.png\" class=\"attachment-large size-large wp-image-530\" alt=\"\" srcset=\"https:\/\/techcar.ch\/wp-content\/uploads\/2024\/03\/GOTEK-logo.png-9.png 800w, https:\/\/techcar.ch\/wp-content\/uploads\/2024\/03\/GOTEK-logo.png-9-300x75.png 300w, https:\/\/techcar.ch\/wp-content\/uploads\/2024\/03\/GOTEK-logo.png-9-768x192.png 768w\" sizes=\"(max-width: 800px) 100vw, 800px\" \/>\t\t\t\t\t\t\t\t<\/a>\n\t\t\t\t\t\t\t\t\t\t\t\t\t\t\t<\/div>\n\t\t\t\t<\/div>\n\t\t\t\t\t<\/div>\n\t\t\t\t<\/div>\n\t\t\t\t\t<\/div>\n\t\t\t\t<\/div>\n\t\t\t\t\t<\/div>\n\t\t\t\t<\/div>\n\t\t\t\t\t<\/div>\n\t\t\t\t<\/div>\n\t\t<div class=\"elementor-element elementor-element-ef9b4ed e-con-full e-flex e-con e-parent\" data-id=\"ef9b4ed\" data-element_type=\"container\" data-e-type=\"container\">\n\t\t\t\t<div class=\"elementor-element elementor-element-dc173f3 elementor-widget elementor-widget-google_maps\" data-id=\"dc173f3\" data-element_type=\"widget\" data-e-type=\"widget\" data-widget_type=\"google_maps.default\">\n\t\t\t\t<div class=\"elementor-widget-container\">\n\t\t\t\t\t\t\t<div class=\"elementor-custom-embed\">\n\t\t\t<iframe loading=\"lazy\"\n\t\t\t\t\tsrc=\"https:\/\/maps.google.com\/maps?q=Chem.%20des%20Lentill%C3%A8res%2022%2C%201023%20Crissier&#038;t=m&#038;z=10&#038;output=embed&#038;iwloc=near\"\n\t\t\t\t\ttitle=\"Chem. des Lentill\u00e8res 22, 1023 Crissier\"\n\t\t\t\t\taria-label=\"Chem. des Lentill\u00e8res 22, 1023 Crissier\"\n\t\t\t><\/iframe>\n\t\t<\/div>\n\t\t\t\t\t\t<\/div>\n\t\t\t\t<\/div>\n\t\t\t\t<\/div>\n\t\t\t\t<\/div>\n\t\t","protected":false},"excerpt":{"rendered":"<p>Remplacement Pare-brise dans le Canton de Vaud Vous avez un souci sur votre pare-brise ? Qu\u2019il s\u2019agisse d\u2019un impact, d\u2019une fissure voire d\u2019une casse, TECHCAR \u00e0 Lausanne peut intervenir rapidement pour le remplacement du pare-brise. N\u2019h\u00e9sitez pas \u00e0 prendre un rendez-vous maintenant. Remplacement Pare-brise chez TECHCAR Le pare-brise est un composant de s\u00e9curit\u00e9 essentiel de [&hellip;]<\/p>\n","protected":false},"author":1,"featured_media":0,"parent":0,"menu_order":0,"comment_status":"closed","ping_status":"closed","template":"elementor_header_footer","meta":{"footnotes":""},"class_list":["post-7","page","type-page","status-publish","hentry"],"_links":{"self":[{"href":"https:\/\/techcar.ch\/index.php\/wp-json\/wp\/v2\/pages\/7","targetHints":{"allow":["GET"]}}],"collection":[{"href":"https:\/\/techcar.ch\/index.php\/wp-json\/wp\/v2\/pages"}],"about":[{"href":"https:\/\/techcar.ch\/index.php\/wp-json\/wp\/v2\/types\/page"}],"author":[{"embeddable":true,"href":"https:\/\/techcar.ch\/index.php\/wp-json\/wp\/v2\/users\/1"}],"replies":[{"embeddable":true,"href":"https:\/\/techcar.ch\/index.php\/wp-json\/wp\/v2\/comments?post=7"}],"version-history":[{"count":184,"href":"https:\/\/techcar.ch\/index.php\/wp-json\/wp\/v2\/pages\/7\/revisions"}],"predecessor-version":[{"id":2201,"href":"https:\/\/techcar.ch\/index.php\/wp-json\/wp\/v2\/pages\/7\/revisions\/2201"}],"wp:attachment":[{"href":"https:\/\/techcar.ch\/index.php\/wp-json\/wp\/v2\/media?parent=7"}],"curies":[{"name":"wp","href":"https:\/\/api.w.org\/{rel}","templated":true}]}}